{"id":7,"date":"2023-02-07T19:52:09","date_gmt":"2023-02-07T19:52:09","guid":{"rendered":"https:\/\/vestmanlabb.se\/?page_id=7"},"modified":"2025-05-25T03:40:16","modified_gmt":"2025-05-25T03:40:16","slug":"blog","status":"publish","type":"page","link":"https:\/\/vestmanlabb.se\/?page_id=7","title":{"rendered":"Meet the Group"},"content":{"rendered":"<div class=\"wp-block-image is-style-rounded\">\n<figure class=\"alignleft size-full is-resized\"><img fetchpriority=\"high\" decoding=\"async\" width=\"500\" height=\"120\" src=\"https:\/\/vestmanlabb.se\/wp-content\/uploads\/2023\/02\/Logo-1.png\" alt=\"\" class=\"wp-image-47\" style=\"width:475px;height:113px\" srcset=\"https:\/\/vestmanlabb.se\/wp-content\/uploads\/2023\/02\/Logo-1.png 500w, https:\/\/vestmanlabb.se\/wp-content\/uploads\/2023\/02\/Logo-1-300x72.png 300w\" sizes=\"(max-width: 500px) 100vw, 500px\" \/><\/figure>\n<\/div>\n\n\n<p><br><br><br><br><br><br>Nelly Romani Vestman<br><em><strong>Group Leader<\/strong><\/em><br>DDS, MPH, PhD<br>Senior Counsult in Endodontics at the Region of V\u00e4sterbotten, Sweden.<br>Assocoated researche at the Wallenberg Centre for Molecular Medicine, Ume\u00e5 University, Ume\u00e5, Sweden.<br><br><br><br><\/p>\n\n\n<div class=\"wp-block-image\">\n<figure class=\"alignleft size-full is-resized\"><img decoding=\"async\" width=\"159\" height=\"213\" src=\"https:\/\/vestmanlabb.se\/wp-content\/uploads\/2023\/05\/grafik-1.png\" alt=\"\" class=\"wp-image-251\" style=\"width:213px;height:285px\"\/><\/figure>\n<\/div>\n\n\n<p class=\"vk_block-margin-0--margin-top\">Olena Rakhimova<br><em><strong>Post Doc<\/strong> <\/em><br><em><strong>Education and awards:<\/strong><\/em><br><br><strong>1988 -<\/strong> Diploma in Microbiology and Virology Odesa National University (Ukraine) with Honors<br><strong>1990<\/strong> - Internship \u201cDesign and maintenance of bacterial and fungi culture collection\u201d in VKM (Collection of Microorganisms) - Pushchino Scientific Center for Biological Research of the Academy of Sciences USSR (Successor Russian Academy of Sciences);<br><strong>1996<\/strong> - Training Course \u201cComputer in Microbiology\u201d, Technical University of Wroclaw (Poland);<br><strong>1999<\/strong> - Fellowship grant for Young Scientists (Fellowship Reference No YSF99-08). Fellowship student, School of Biosciences, University of Westminster, London, GB. Project \u201cStudies on the ability of Myxobacteria strains to accumulate heavy metals from wastewater\u201d carried out in the laboratory of Dr Sharron McEldowney.<br><br><strong>2001<\/strong> - 3rd awards in INTAS Young Scientist Writing Competition (Grant Reference Number INTAS YS-WC-4);<br><strong>2004<\/strong> - 1-st degree Diploma for the Research Report on the VIII International medical Congress of Students and Young Scientists (Ukraine).<br><strong>2004<\/strong> - 1-st degree Diploma for the Research Report on the VIII International medical Congress of Students and Young Scientists (Ukraine).<br><strong>2006<\/strong> - Defense of PhD thesis in Microbiology: \u201cBiological characteristics of Myxobacteria collected from the southern part of Ukraine\u201d.<\/p>\n\n\n\n<p class=\"vk_block-margin-0--margin-top\">Olena is a life-learning person, who is constantly improving the level of her education. From 2007 till 2021-st she attended twelve educational courses at Ume\u00e5 University, including Tumor biology, Electron Microscopy, Quantitative PCR and Biostatistics, Live Cell Imaging Microscopy, Experimental Statistics and Logic regression, Immunology at the advanced level, Basic Principles in Laboratory Animal Science, Fluorescence in situ Hybridization.<br>The fields of her scientific interests include <em>Myxobacteria<\/em> (unique group of predators in the world of prokaryote), Accumulation of the heavy metals from the wastewater, Preservations of bacterial strains and their use in biotechnology, Vaccination against bacteria including human pathogen <em>Helicobacter pylori<\/em> that recognized by WHO as a carcinogen, Oral microbiome and regeneration processes. In these fields, Olena has 25 scientific publications, participated in 26 scientific conferences with Poster or Oral presentations and has one declaration patent in Ukraine.<\/p>\n\n\n\n<p class=\"has-text-align-left vk_block-margin-0--margin-top\"><em><strong>Technical skills:<\/strong><\/em><br><br><strong>Microbiology:<\/strong> Isolation, purification and characterization of bacterial and yeast strains by morphological, physiological, and biochemical methods. Design and maintenance of bacterial and fungi culture collection within the framework of the Ukrainian Collection of Microorganisms (UCM). Detecting antimicrobial resistance and minimum inhibitory concentration (MIC). Handling anaerobic bacteria.<br><strong>Biochemistry:<\/strong> Protein analysis by Laemmli method and immunoblot detection. Radio Immuno Assay (RIA). Determination of protease activity by fluorescence-based assay.<br><strong>Molecular Biology:<\/strong> Isolation of DNA from bacteria (including isolation from the formalin-fixed and paraffin-embedded eukaryotic tissue sections), PCR, Q-PCR, RT-PCR, DNA-sequencing. Transformation and selection of bacterial strains. Fluorescence <em>in situ <\/em>Hybridization. Cloning, Expression and Purification of recombinant proteins.<br><strong>Immunological Methods:<\/strong> ELISA, Serum-titer determination, IF-microscopy.<br><strong>Work with animals:<\/strong> Handling of transgenic mice. Immunizations and infection methods.<br><strong>Work with cell lines:<\/strong> Continuous and primary cell cultures, including handling of stem cells.<br><strong>Work with tissue samples:<\/strong> Fixation, storage, processing, embedding and sectioning followed by IHC and IF-microscopy analysis of samples.<\/p>\n\n\n\n<p class=\"vk_block-margin-0--margin-top\">She has experience in <strong>teaching <\/strong>as a full-time lecturer in Odessa national University (2001 - 2005) and every year participated in ERASMUS teaching courses from 2016 up till today with lectures and practical classes.<\/p>\n\n\n\n<p class=\"vk_block-margin-0--margin-top\"><strong><em>Hobby:<\/em> <\/strong><br>play piano and travel.<br><br><br><\/p>\n\n\n<div class=\"wp-block-image\">\n<figure class=\"alignleft size-full is-resized\"><img decoding=\"async\" width=\"161\" height=\"213\" src=\"https:\/\/vestmanlabb.se\/wp-content\/uploads\/2023\/05\/image.png\" alt=\"\" class=\"wp-image-252\" style=\"width:213px;height:285px\"\/><\/figure>\n<\/div>\n\n\n<p>Valeria Zymovets<br><em><strong>PhD Student<\/strong><\/em><br><em><strong>Education:<\/strong><\/em><em><br>01.09.2020 -31.12.2021<\/em><br>Diploma M.Sc. (Hons) in Biotechnologies and Bioengineering in Odesa I.I. Mechnikov National University<br>Graduate thesis: \u00abDevelopment of a method for screening cytokines induction by apical papilla stem cells influenced by opportunistic bacteria\u00bb<\/p>\n\n\n\n<p><em>01.09.2016 -30.06.2020<\/em><br>B.Sc. (Hons) in Biotechnologies in Odesa I.I. Mechnikov National University<br>Graduate thesis: Biotechnology for obtaining carotovoricins of Pectobacterium carotovorum for the development of biological products for plant protection<\/p>\n\n\n\n<p><em><strong>Publications:<\/strong><\/em><\/p>\n\n\n\n<p>Zymovets, V.; Razghonova, Y.; Rakhimova, O.; Aripaka, K.; Manoharan, L.; Kelk, P.; Landstr\u00f6m, M.; Romani Vestman, N. Combined Transcriptomic and Protein Array Cytokine Profiling of Human Stem Cells from Dental Apical Papilla Modulated by Oral Bacteria. Int. J. Mol. Sci. 2022, 23, 5098. <a href=\"https:\/\/doi.org\/10.3390\/ijms23095098\">https:\/\/doi.org\/10.3390\/ijms23095098<\/a><br>Razghonova, Y.; Zymovets, V.; Wadelius, P.; Rakhimova, O.;Manoharan, L.; Brundin, M.; Kelk, P.;Romani Vestman, N. TranscriptomeAnalysis Reveals Modulation ofHuman Stem Cells from the Apical Papilla by Species Associated with Dental Root Canal Infection. Int. J. Mol. Sci. 2022, 23, 14420. https:\/\/ doi.org\/10.3390\/ijms232214420<\/p>\n\n\n\n<p><strong>Conferences:<\/strong><\/p>\n\n\n\n<p>Zymovets V., Schmidt A., Rakhimova O., Grellier C., Landstr\u00f6m M., Singer B. B., Romani Vestman N. (2022, September 11-14). Monoclonal antibodies against <em>Fusobacterium <\/em>spp. of oral origin: A prospective biotherapeutic strategy in regenerative endodontic treatment. 30th International CEA Symposium, Essen, Germany.<br>Zymovets V. O., Slobodyan V. O., Murinska N. A. Characteristics of phages isolates of phytopathogens causing the fire blight disease (2019, April 23-24). Science student conference \u201cEnglish in touch with science\u201d, Odesa, Ukraine.<br>Zymovets V. O., Kotlyarova L. B., Zhuminska G. I. Characteristics of bacterial isolates from willows with symptoms of \u201cWitches broom\u201d disease. (2020, April 23-24). 76 conference of ONU I. I. Mechnikov, Odesa, Ukraine.<br>Lukina A.,&nbsp; Zhunko I., Zhuminska G., Murinska N., Zymovets V., Slobodnyan V., Zaletska N. The secretion of siderophores by some strains of <em>Pantoea agglomerans<\/em> (2018, June 20-23). Materials of young scientists international conference \"Modern problems of microbiology and biotechnology\u201d, Odesa, Ukraine.<\/p>\n\n\n\n<p><strong>Certificates:<\/strong><br><br>Certificate of Attendance, <em>NBIS workshop \u201cIntroduction to Bioinformatics using NGS data\u201d<\/em> \u2013 6-10<sup>th <\/sup>February, 2023; Total 40 hours of lectures and computer exercises.<br>Certificate of Attendance <em>NMMP Summer School in Transcriptomics During Development and Cancer \u2013 <\/em>27-30th June, 2022.<br>Certificate for an online course, <em>Johns Hopkins University \u201cIntroduction to Genomic Technologies\u201d <\/em>\u2013 June 19, 2022<br>ESCMID Postgraduate Education Course, Online Attendance Certificate <em>Personalised phage therapy: basic principles of monitoring and treatment <\/em>\u2013 7-10th June, 2022.<br>Course certificate for participation in practical part of FISH (Fluorescence in Situ Hybridization) course - November 2020.<br>Participation and completion of <em>5 Days of Stem Cells virtual events<\/em> (by Thermo Fisher Scientific) \u2013 October 2020.<br>Participation in <em>Nordic meeting on Development, Stem cells and regeneration<\/em> \u2013 October 14th -15th, 2020; total of 14 hours of presentations.<br>Attendance the virtual workshop \u201c<em>Incucyte Live-Cell Analysis System<\/em>\u201d \u2013 November 11th, 2020<\/p>\n\n\n\n<div class=\"wp-block-media-text is-stacked-on-mobile\"><figure class=\"wp-block-media-text__media\"><img loading=\"lazy\" decoding=\"async\" width=\"871\" height=\"1024\" src=\"https:\/\/vestmanlabb.se\/wp-content\/uploads\/2025\/05\/Leima-1-871x1024.png\" alt=\"\" class=\"wp-image-580 size-full\" srcset=\"https:\/\/vestmanlabb.se\/wp-content\/uploads\/2025\/05\/Leima-1-871x1024.png 871w, https:\/\/vestmanlabb.se\/wp-content\/uploads\/2025\/05\/Leima-1-255x300.png 255w, https:\/\/vestmanlabb.se\/wp-content\/uploads\/2025\/05\/Leima-1-768x903.png 768w, https:\/\/vestmanlabb.se\/wp-content\/uploads\/2025\/05\/Leima-1-1306x1536.png 1306w, https:\/\/vestmanlabb.se\/wp-content\/uploads\/2025\/05\/Leima-1-1741x2048.png 1741w\" sizes=\"(max-width: 871px) 100vw, 871px\" \/><\/figure><div class=\"wp-block-media-text__content\">\n<p><strong>Dr.Naorem Leimarembi Devi Post-Doc<\/strong><\/p>\n<\/div><\/div>\n\n\n\n<p>I am a bioinformatics researcher with expertise in cancer genomics and transcriptomics, protein\/peptide therapeutics, and machine learning. Skilled in Python, R, bash\/shell scripting, and tools like GEO, TCGA, cBioportal, STRING, Cytoscape and Weka. I have experience developing bioinformatics pipelines and working with HPC for efficient data processing. Also, I am currently expanding my skill set by working on amplicon sequencing data analysis for microbial community profiling.<\/p>\n\n\n\n<p><strong><em>EDUCATION<\/em><\/strong><\/p>\n\n\n\n<p><strong>PhD Bioinformatics<\/strong>, 2014-2020<\/p>\n\n\n\n<p>Pondicherry University, Puducherry, India<\/p>\n\n\n\n<p><strong>M.Phil. Bioinformatics<\/strong>,&nbsp; 2013-2014<\/p>\n\n\n\n<p>Vels University, Chennai, India<\/p>\n\n\n\n<p><strong>MSc. Bioinformatics<\/strong>, 2009-2011<\/p>\n\n\n\n<p>University of Madras, Chennai, India<br><br><\/p>\n\n\n\n<p><strong>BSc. Microbiology<\/strong>, 2006-2009<\/p>\n\n\n\n<p>University of Madras, Chennai, India<br><br><\/p>\n\n\n\n<p><strong><em>WORK EXPERIENCE <\/em><\/strong><em><\/em><\/p>\n\n\n\n<p><strong>Research Associate<\/strong>, April 2023 \u2013 February 2025<\/p>\n\n\n\n<p>Computational Biology, Bioinformatics &amp; Crosstalk Lab, ACTREC \u2013 Tata Memorial Centre, Navi Mumbai, Maharashtra, India<\/p>\n\n\n\n<p><strong>Research Associate<\/strong>, October 2020 \u2013 September 2022<br>Department of Computational Biology, Indraprastha Institute of Information Technology, Delhi, India<\/p>\n\n\n\n<p><strong>Medical Coder<\/strong>, 2011-2013<\/p>\n\n\n\n<p>Ajuba Solutions Pvt. Ltd., Chennai, Tamil Nadu, India<\/p>\n\n\n\n<p><strong><em>AWARDS AND ACHIEVEMENTS<\/em><\/strong><\/p>\n\n\n\n<p><strong>DBT-Research Associate, <\/strong>October 2020 - September 2022<\/p>\n\n\n\n<p>Department of Biotechnology, Govt.. of India<br><br><\/p>\n\n\n\n<p><strong>Senior Research Fellow-Direct, <\/strong>May 2018 - April 2020<\/p>\n\n\n\n<p>Council of Scientific &amp; Industrial Research, Govt. of India<\/p>\n\n\n\n<p>I have authored 27 publications, including original research articles, reviews, and book chapters in top-tier international peer-reviewed journals from renowned publishers such as Elsevier, Wiley, Oxford University Press, PLOS One and Springer. My work has received over 577 citations to date. I have served as a peer reviewer for several prestigious journals, including Scientific Reports, BMC journals, and Springer publications. I have co-mentored multiple research projects across various academic levels and collaborated extensively with clinicians to support interdisciplinary research. I have presented my research through oral and poster presentations at several national and international conferences. Additionally, I received a Certificate of Appreciation for delivering sessions in a virtual workshop on \u201cData Science and Machine Learning in Biology.\u201d One of my review articles, \u201cComputational Resources in Healthcare,\u201d has been featured in Biotech Express Magazine, titled &nbsp;\u201c<a href=\"http:\/\/www.biotechexpressmag.com\/new-developments-led-by-prof-gajendra-raghava-iiit-d-in-computational-biology\">New Developments Led by Prof. Gajendra Raghava, IIIT-D in Computational Biology<\/a>\u201d.<\/p>\n\n\n\n<p><\/p>\n","protected":false},"excerpt":{"rendered":"<p>Nelly Romani VestmanGroup LeaderDDS, MPH, PhDSenior Counsult in Endodontics at the Region of V\u00e4sterbotten, Sweden.Assocoated researche at the Wallenberg Centre for Molecular Medicine, Ume\u00e5 University, Ume\u00e5, Sweden. Olena RakhimovaPost Doc Education and awards: 1988 - Diploma in Microbiology and Virology Odesa National University (Ukraine) with Honors1990 - Internship \u201cDesign and maintenance of bacterial and fungi [&hellip;]<\/p>\n","protected":false},"author":1,"featured_media":0,"parent":0,"menu_order":0,"comment_status":"closed","ping_status":"closed","template":"","meta":{"vkexunit_cta_each_option":"","footnotes":""},"class_list":["post-7","page","type-page","status-publish","hentry"],"_links":{"self":[{"href":"https:\/\/vestmanlabb.se\/index.php?rest_route=\/wp\/v2\/pages\/7","targetHints":{"allow":["GET"]}}],"collection":[{"href":"https:\/\/vestmanlabb.se\/index.php?rest_route=\/wp\/v2\/pages"}],"about":[{"href":"https:\/\/vestmanlabb.se\/index.php?rest_route=\/wp\/v2\/types\/page"}],"author":[{"embeddable":true,"href":"https:\/\/vestmanlabb.se\/index.php?rest_route=\/wp\/v2\/users\/1"}],"replies":[{"embeddable":true,"href":"https:\/\/vestmanlabb.se\/index.php?rest_route=%2Fwp%2Fv2%2Fcomments&post=7"}],"version-history":[{"count":20,"href":"https:\/\/vestmanlabb.se\/index.php?rest_route=\/wp\/v2\/pages\/7\/revisions"}],"predecessor-version":[{"id":581,"href":"https:\/\/vestmanlabb.se\/index.php?rest_route=\/wp\/v2\/pages\/7\/revisions\/581"}],"wp:attachment":[{"href":"https:\/\/vestmanlabb.se\/index.php?rest_route=%2Fwp%2Fv2%2Fmedia&parent=7"}],"curies":[{"name":"wp","href":"https:\/\/api.w.org\/{rel}","templated":true}]}}